{"id":814,"date":"2022-12-21T01:17:30","date_gmt":"2022-12-21T04:17:30","guid":{"rendered":"https:\/\/www.ehcomunicacao.com.br\/?page_id=814"},"modified":"2025-10-29T16:03:08","modified_gmt":"2025-10-29T19:03:08","slug":"projetos","status":"publish","type":"page","link":"https:\/\/www.ehcomunicacao.com.br\/index.php\/projetos\/","title":{"rendered":"Projetos"},"content":{"rendered":"<div id=\"pl-gb814-69e87436c205c\"  class=\"panel-layout\" ><div id=\"pg-gb814-69e87436c205c-0\"  class=\"panel-grid panel-no-style\" ><div id=\"pgc-gb814-69e87436c205c-0-0\"  class=\"panel-grid-cell\" ><div id=\"panel-gb814-69e87436c205c-0-0-0\" class=\"so-panel widget widget_themegrill_flash_portfolio tg-section feature-product-section panel-first-child panel-last-child\" data-index=\"0\" ><div class=\"tg-feature-product-layout-1 tg-feature-product-filter-layout\"><div class=\"tg-container\"><div class=\"grid\"><div class=\"tg-column-wrapper\"><div class=\"tg-feature-product-widget element-item uxdesign tg-column-3 projetos \" data-category=\"projetos \"><figure><img loading=\"lazy\" decoding=\"async\" width=\"1181\" height=\"1181\" src=\"https:\/\/www.ehcomunicacao.com.br\/wp-content\/uploads\/2025\/10\/circuito-montanhas.jpg\" class=\"attachment-full size-full wp-post-image\" alt=\"\" srcset=\"https:\/\/www.ehcomunicacao.com.br\/wp-content\/uploads\/2025\/10\/circuito-montanhas.jpg 1181w, https:\/\/www.ehcomunicacao.com.br\/wp-content\/uploads\/2025\/10\/circuito-montanhas-300x300.jpg 300w, https:\/\/www.ehcomunicacao.com.br\/wp-content\/uploads\/2025\/10\/circuito-montanhas-1024x1024.jpg 1024w, https:\/\/www.ehcomunicacao.com.br\/wp-content\/uploads\/2025\/10\/circuito-montanhas-150x150.jpg 150w, https:\/\/www.ehcomunicacao.com.br\/wp-content\/uploads\/2025\/10\/circuito-montanhas-768x768.jpg 768w, https:\/\/www.ehcomunicacao.com.br\/wp-content\/uploads\/2025\/10\/circuito-montanhas-600x600.jpg 600w, https:\/\/www.ehcomunicacao.com.br\/wp-content\/uploads\/2025\/10\/circuito-montanhas-100x100.jpg 100w\" sizes=\"auto, (max-width: 1181px) 100vw, 1181px\" \/><\/figure><div class=\"featured-image-desc\"><span><a href=\"https:\/\/www.ehcomunicacao.com.br\/index.php\/portfolio\/circuito-das-montanhas\/\"><i class=\"fa fa-plus\"><\/i><\/a><\/span><div class=\"feature-inner-block\"><h3 class=\"feature-title-wrap\"><a href=\"https:\/\/www.ehcomunicacao.com.br\/index.php\/portfolio\/circuito-das-montanhas\/\">Circuito das Montanhas<\/a><\/h3><h4 class=\"feature-desc-wrap\"><\/h4><\/div><\/div><\/div><div class=\"tg-feature-product-widget element-item uxdesign tg-column-3 projetos \" data-category=\"projetos \"><figure><img loading=\"lazy\" decoding=\"async\" width=\"2226\" height=\"2234\" src=\"https:\/\/www.ehcomunicacao.com.br\/wp-content\/uploads\/2022\/12\/logo2023.jpg\" class=\"attachment-full size-full wp-post-image\" alt=\"\" srcset=\"https:\/\/www.ehcomunicacao.com.br\/wp-content\/uploads\/2022\/12\/logo2023.jpg 2226w, https:\/\/www.ehcomunicacao.com.br\/wp-content\/uploads\/2022\/12\/logo2023-300x300.jpg 300w, https:\/\/www.ehcomunicacao.com.br\/wp-content\/uploads\/2022\/12\/logo2023-1020x1024.jpg 1020w, https:\/\/www.ehcomunicacao.com.br\/wp-content\/uploads\/2022\/12\/logo2023-150x150.jpg 150w, https:\/\/www.ehcomunicacao.com.br\/wp-content\/uploads\/2022\/12\/logo2023-768x771.jpg 768w, https:\/\/www.ehcomunicacao.com.br\/wp-content\/uploads\/2022\/12\/logo2023-1530x1536.jpg 1530w, https:\/\/www.ehcomunicacao.com.br\/wp-content\/uploads\/2022\/12\/logo2023-2041x2048.jpg 2041w, https:\/\/www.ehcomunicacao.com.br\/wp-content\/uploads\/2022\/12\/logo2023-600x602.jpg 600w, https:\/\/www.ehcomunicacao.com.br\/wp-content\/uploads\/2022\/12\/logo2023-100x100.jpg 100w\" sizes=\"auto, (max-width: 2226px) 100vw, 2226px\" \/><\/figure><div class=\"featured-image-desc\"><span><a href=\"https:\/\/www.ehcomunicacao.com.br\/index.php\/portfolio\/batalha-de-bandas\/\"><i class=\"fa fa-plus\"><\/i><\/a><\/span><div class=\"feature-inner-block\"><h3 class=\"feature-title-wrap\"><a href=\"https:\/\/www.ehcomunicacao.com.br\/index.php\/portfolio\/batalha-de-bandas\/\">Batalha de Bandas<\/a><\/h3><h4 class=\"feature-desc-wrap\">Setor: Entretenimento Previs\u00e3o de realiza\u00e7\u00e3o: abril\/2023 O que \u00e9? Selecionar as melhores bandas e grupos de Petr\u00f3polis e Regi\u00e3o, que [&hellip;]<\/h4><\/div><\/div><\/div><div class=\"tg-feature-product-widget element-item uxdesign tg-column-3 projetos \" data-category=\"projetos \"><figure><img loading=\"lazy\" decoding=\"async\" width=\"1772\" height=\"1773\" src=\"https:\/\/www.ehcomunicacao.com.br\/wp-content\/uploads\/2022\/12\/guia-imperador.jpg\" class=\"attachment-full size-full wp-post-image\" alt=\"\" srcset=\"https:\/\/www.ehcomunicacao.com.br\/wp-content\/uploads\/2022\/12\/guia-imperador.jpg 1772w, https:\/\/www.ehcomunicacao.com.br\/wp-content\/uploads\/2022\/12\/guia-imperador-300x300.jpg 300w, https:\/\/www.ehcomunicacao.com.br\/wp-content\/uploads\/2022\/12\/guia-imperador-1024x1024.jpg 1024w, https:\/\/www.ehcomunicacao.com.br\/wp-content\/uploads\/2022\/12\/guia-imperador-150x150.jpg 150w, https:\/\/www.ehcomunicacao.com.br\/wp-content\/uploads\/2022\/12\/guia-imperador-768x768.jpg 768w, https:\/\/www.ehcomunicacao.com.br\/wp-content\/uploads\/2022\/12\/guia-imperador-1536x1536.jpg 1536w, https:\/\/www.ehcomunicacao.com.br\/wp-content\/uploads\/2022\/12\/guia-imperador-600x600.jpg 600w, https:\/\/www.ehcomunicacao.com.br\/wp-content\/uploads\/2022\/12\/guia-imperador-100x100.jpg 100w\" sizes=\"auto, (max-width: 1772px) 100vw, 1772px\" \/><\/figure><div class=\"featured-image-desc\"><span><a href=\"https:\/\/www.ehcomunicacao.com.br\/index.php\/portfolio\/guia-do-imperador\/\"><i class=\"fa fa-plus\"><\/i><\/a><\/span><div class=\"feature-inner-block\"><h3 class=\"feature-title-wrap\"><a href=\"https:\/\/www.ehcomunicacao.com.br\/index.php\/portfolio\/guia-do-imperador\/\">Guia do Imperador<\/a><\/h3><h4 class=\"feature-desc-wrap\">Mapa Impresso Material EXCLUSIVO, totalmente ILUSTRADO, com a LOCALIZA\u00c7\u00c3O de pontos de interesse TUR\u00cdSTICO e informa\u00e7\u00f5es RELEVANTES para os visitantes, [&hellip;]<\/h4><\/div><\/div><\/div><div class=\"tg-feature-product-widget element-item uxdesign tg-column-3 projetos \" data-category=\"projetos \"><figure><img loading=\"lazy\" decoding=\"async\" width=\"269\" height=\"266\" src=\"https:\/\/www.ehcomunicacao.com.br\/wp-content\/uploads\/2022\/12\/eu.jpg\" class=\"attachment-full size-full wp-post-image\" alt=\"\" srcset=\"https:\/\/www.ehcomunicacao.com.br\/wp-content\/uploads\/2022\/12\/eu.jpg 269w, https:\/\/www.ehcomunicacao.com.br\/wp-content\/uploads\/2022\/12\/eu-100x100.jpg 100w\" sizes=\"auto, (max-width: 269px) 100vw, 269px\" \/><\/figure><div class=\"featured-image-desc\"><span><a href=\"https:\/\/www.ehcomunicacao.com.br\/index.php\/portfolio\/eu-pelo-mundo\/\"><i class=\"fa fa-plus\"><\/i><\/a><\/span><div class=\"feature-inner-block\"><h3 class=\"feature-title-wrap\"><a href=\"https:\/\/www.ehcomunicacao.com.br\/index.php\/portfolio\/eu-pelo-mundo\/\">Eu Pelo Mundo<\/a><\/h3><h4 class=\"feature-desc-wrap\">Tempo \u00e9 dinheiro. Ent\u00e3o, por que desperdi\u00e7ar? Otimize seu tempo de viagem Juntar dinheiro para fazer uma viagem \u00e9 tarefa [&hellip;]<\/h4><\/div><\/div><\/div><\/div><!-- \/.tg-column-wrapper--><\/div><!-- \/.grid --><\/div><!-- \/.tg-container --><\/div><!-- \/.layout div --><\/div><\/div><\/div><\/div>","protected":false},"excerpt":{"rendered":"","protected":false},"author":1,"featured_media":0,"parent":0,"menu_order":0,"comment_status":"closed","ping_status":"closed","template":"","meta":{"footnotes":""},"class_list":["post-814","page","type-page","status-publish","hentry"],"_links":{"self":[{"href":"https:\/\/www.ehcomunicacao.com.br\/index.php\/wp-json\/wp\/v2\/pages\/814","targetHints":{"allow":["GET"]}}],"collection":[{"href":"https:\/\/www.ehcomunicacao.com.br\/index.php\/wp-json\/wp\/v2\/pages"}],"about":[{"href":"https:\/\/www.ehcomunicacao.com.br\/index.php\/wp-json\/wp\/v2\/types\/page"}],"author":[{"embeddable":true,"href":"https:\/\/www.ehcomunicacao.com.br\/index.php\/wp-json\/wp\/v2\/users\/1"}],"replies":[{"embeddable":true,"href":"https:\/\/www.ehcomunicacao.com.br\/index.php\/wp-json\/wp\/v2\/comments?post=814"}],"version-history":[{"count":4,"href":"https:\/\/www.ehcomunicacao.com.br\/index.php\/wp-json\/wp\/v2\/pages\/814\/revisions"}],"predecessor-version":[{"id":1095,"href":"https:\/\/www.ehcomunicacao.com.br\/index.php\/wp-json\/wp\/v2\/pages\/814\/revisions\/1095"}],"wp:attachment":[{"href":"https:\/\/www.ehcomunicacao.com.br\/index.php\/wp-json\/wp\/v2\/media?parent=814"}],"curies":[{"name":"wp","href":"https:\/\/api.w.org\/{rel}","templated":true}]}}