{"id":17,"date":"2017-01-02T08:36:21","date_gmt":"2017-01-02T08:36:21","guid":{"rendered":"https:\/\/demo.themegrill.com\/flash-default-2\/?page_id=17"},"modified":"2025-10-29T15:10:51","modified_gmt":"2025-10-29T18:10:51","slug":"quem-somos","status":"publish","type":"page","link":"https:\/\/www.ehcomunicacao.com.br\/index.php\/quem-somos\/","title":{"rendered":"Quem Somos"},"content":{"rendered":"\n<p>A Eh! Comunica\u00e7\u00e3o &amp; Projetos \u00e9 uma empresa que une assessoria e projetos que busca aliar tend\u00eancias da comunica\u00e7\u00e3o com solu\u00e7\u00f5es inteligentes para a divulga\u00e7\u00e3o de marcas, produtos e servi\u00e7os, associando m\u00eddias espont\u00e2neas, solu\u00e7\u00e3o web, conte\u00fados de redes sociais, publicidade e projetos que v\u00e3o desde a realiza\u00e7\u00e3o de eventos a a\u00e7\u00f5es corporativas e endomarketing.<\/p>\n\n\n\n<p>Atrav\u00e9s de estrat\u00e9gias inteligentes, integradas e modernas, nosso objetivo \u00e9 ampliar a comunica\u00e7\u00e3o dos clientes junto aos seus p\u00fablicos, contribuindo com o sucesso, o crescimento no mercado e a proje\u00e7\u00e3o da marca, nome ou de sua figura pessoal.<\/p>\n\n\n\n<p>Criada em 2007, na cidade de Petr\u00f3polis-RJ, a Eh! Comunica\u00e7\u00e3o se destaca:<\/p>\n\n\n\n<p>* Pela <strong>VERSATILIDADE<\/strong>&#8211; abrangendo todas as \u00e1reas da comunica\u00e7\u00e3o, com equipe multidisciplinar;<\/p>\n\n\n\n<p>* Pelo <strong>ATENDIMENTO<\/strong> personalizado e voltado para as necessidades de cada cliente e sua realidade de mercado, abrang\u00eancia e tamanho;<\/p>\n\n\n\n<p>* Pela <strong>CRIATIVIDADE<\/strong> na solu\u00e7\u00e3o de problemas de comunica\u00e7\u00e3o, nas estrat\u00e9gias de m\u00eddia e na elabora\u00e7\u00e3o de campanhas e a\u00e7\u00f5es, como eventos, a\u00e7\u00f5es sociais e endomarketing;<\/p>\n\n\n\n<p>* Pela <strong>MODERNIDADE<\/strong>, se atualizando em todas as vertentes da comunica\u00e7\u00e3o e incluindo essas possibilidades na realidade de cada cliente, trazendo mais tecnologia e interatividade para o dia-dia das empresas, produtos e pessoas p\u00fablicas.<\/p>\n\n\n\n<p><\/p>\n","protected":false},"excerpt":{"rendered":"<p>A Eh! Comunica\u00e7\u00e3o &amp; Projetos \u00e9 uma empresa que une assessoria e projetos que busca aliar tend\u00eancias da comunica\u00e7\u00e3o com [&hellip;]<\/p>\n","protected":false},"author":1,"featured_media":0,"parent":0,"menu_order":0,"comment_status":"closed","ping_status":"closed","template":"","meta":{"footnotes":""},"class_list":["post-17","page","type-page","status-publish","hentry"],"_links":{"self":[{"href":"https:\/\/www.ehcomunicacao.com.br\/index.php\/wp-json\/wp\/v2\/pages\/17","targetHints":{"allow":["GET"]}}],"collection":[{"href":"https:\/\/www.ehcomunicacao.com.br\/index.php\/wp-json\/wp\/v2\/pages"}],"about":[{"href":"https:\/\/www.ehcomunicacao.com.br\/index.php\/wp-json\/wp\/v2\/types\/page"}],"author":[{"embeddable":true,"href":"https:\/\/www.ehcomunicacao.com.br\/index.php\/wp-json\/wp\/v2\/users\/1"}],"replies":[{"embeddable":true,"href":"https:\/\/www.ehcomunicacao.com.br\/index.php\/wp-json\/wp\/v2\/comments?post=17"}],"version-history":[{"count":15,"href":"https:\/\/www.ehcomunicacao.com.br\/index.php\/wp-json\/wp\/v2\/pages\/17\/revisions"}],"predecessor-version":[{"id":1085,"href":"https:\/\/www.ehcomunicacao.com.br\/index.php\/wp-json\/wp\/v2\/pages\/17\/revisions\/1085"}],"wp:attachment":[{"href":"https:\/\/www.ehcomunicacao.com.br\/index.php\/wp-json\/wp\/v2\/media?parent=17"}],"curies":[{"name":"wp","href":"https:\/\/api.w.org\/{rel}","templated":true}]}}